{"id":1321,"date":"2026-01-16T15:36:14","date_gmt":"2026-01-16T15:36:14","guid":{"rendered":"https:\/\/www.aguamineraljordan.com\/contact\/"},"modified":"2026-01-22T20:47:51","modified_gmt":"2026-01-22T20:47:51","slug":"contact","status":"publish","type":"page","link":"https:\/\/www.aguamineraljordan.com\/zh\/contact\/","title":{"rendered":"Contact"},"content":{"rendered":"<div data-elementor-type=\"wp-page\" data-elementor-id=\"1321\" class=\"elementor elementor-1321\">\n\t\t\t\t<div class=\"elementor-element elementor-element-f3d06b3 e-flex e-con-boxed e-con e-parent\" data-id=\"f3d06b3\" data-element_type=\"container\" data-settings=\"{&quot;background_background&quot;:&quot;classic&quot;}\">\n\t\t\t\t\t<div class=\"e-con-inner\">\n\t\t<div class=\"elementor-element elementor-element-c248003 e-flex e-con-boxed e-con e-child\" data-id=\"c248003\" data-element_type=\"container\">\n\t\t\t\t\t<div class=\"e-con-inner\">\n\t\t\t\t<div class=\"elementor-element elementor-element-0cd6647 elementor-widget elementor-widget-heading\" data-id=\"0cd6647\" data-element_type=\"widget\" data-widget_type=\"heading.default\">\n\t\t\t\t<div class=\"elementor-widget-container\">\n\t\t\t\t\t<h1 class=\"elementor-heading-title elementor-size-default\">Cont\u00e1ctanos<\/h1>\t\t\t\t<\/div>\n\t\t\t\t<\/div>\n\t\t\t\t\t<\/div>\n\t\t\t\t<\/div>\n\t\t\t\t\t<\/div>\n\t\t\t\t<\/div>\n\t\t<div class=\"elementor-element elementor-element-6753142 e-flex e-con-boxed e-con e-parent\" data-id=\"6753142\" data-element_type=\"container\" data-settings=\"{&quot;background_background&quot;:&quot;classic&quot;}\">\n\t\t\t\t\t<div class=\"e-con-inner\">\n\t\t<div class=\"elementor-element elementor-element-e6c12b6 e-con-full e-flex e-con e-child\" data-id=\"e6c12b6\" data-element_type=\"container\">\n\t\t<div class=\"elementor-element elementor-element-3251d36 e-flex e-con-boxed e-con e-child\" data-id=\"3251d36\" data-element_type=\"container\">\n\t\t\t\t\t<div class=\"e-con-inner\">\n\t\t<div class=\"elementor-element elementor-element-b8ab7ad e-con-full e-flex e-con e-child\" data-id=\"b8ab7ad\" data-element_type=\"container\">\n\t\t\t\t<div class=\"elementor-element elementor-element-e7ad7cd elementor-widget elementor-widget-heading\" data-id=\"e7ad7cd\" data-element_type=\"widget\" data-widget_type=\"heading.default\">\n\t\t\t\t<div class=\"elementor-widget-container\">\n\t\t\t\t\t<h4 class=\"elementor-heading-title elementor-size-default\">Nos puedes encontrar en<\/h4>\t\t\t\t<\/div>\n\t\t\t\t<\/div>\n\t\t\t\t<div class=\"elementor-element elementor-element-185d908 elementor-widget elementor-widget-icon-box\" data-id=\"185d908\" data-element_type=\"widget\" data-widget_type=\"icon-box.default\">\n\t\t\t\t<div class=\"elementor-widget-container\">\n\t\t\t\t\t\t\t<div class=\"elementor-icon-box-wrapper\">\n\n\t\t\t\n\t\t\t\t\t\t<div class=\"elementor-icon-box-content\">\n\n\t\t\t\t\t\t\t\t\t<h6 class=\"elementor-icon-box-title\">\n\t\t\t\t\t\t<span  >\n\t\t\t\t\t\t\tCorreo \t\t\t\t\t\t<\/span>\n\t\t\t\t\t<\/h6>\n\t\t\t\t\n\t\t\t\t\t\t\t\t\t<p class=\"elementor-icon-box-description\">\n\t\t\t\t\t\tinfo@aguamineraljordan.com\t\t\t\t\t<\/p>\n\t\t\t\t\n\t\t\t<\/div>\n\t\t\t\n\t\t<\/div>\n\t\t\t\t\t\t<\/div>\n\t\t\t\t<\/div>\n\t\t\t\t<div class=\"elementor-element elementor-element-eaad622 elementor-widget elementor-widget-icon-box\" data-id=\"eaad622\" data-element_type=\"widget\" data-widget_type=\"icon-box.default\">\n\t\t\t\t<div class=\"elementor-widget-container\">\n\t\t\t\t\t\t\t<div class=\"elementor-icon-box-wrapper\">\n\n\t\t\t\n\t\t\t\t\t\t<div class=\"elementor-icon-box-content\">\n\n\t\t\t\t\t\t\t\t\t<h6 class=\"elementor-icon-box-title\">\n\t\t\t\t\t\t<span  >\n\t\t\t\t\t\t\tN\u00famero de tel\u00e9fono\t\t\t\t\t\t<\/span>\n\t\t\t\t\t<\/h6>\n\t\t\t\t\n\t\t\t\t\t\t\t\t\t<p class=\"elementor-icon-box-description\">\n\t\t\t\t\t\t+595 21 575 349\t\t\t\t\t<\/p>\n\t\t\t\t\n\t\t\t<\/div>\n\t\t\t\n\t\t<\/div>\n\t\t\t\t\t\t<\/div>\n\t\t\t\t<\/div>\n\t\t\t\t<div class=\"elementor-element elementor-element-a45bd6a elementor-widget elementor-widget-icon-box\" data-id=\"a45bd6a\" data-element_type=\"widget\" data-widget_type=\"icon-box.default\">\n\t\t\t\t<div class=\"elementor-widget-container\">\n\t\t\t\t\t\t\t<div class=\"elementor-icon-box-wrapper\">\n\n\t\t\t\n\t\t\t\t\t\t<div class=\"elementor-icon-box-content\">\n\n\t\t\t\t\t\t\t\t\t<h6 class=\"elementor-icon-box-title\">\n\t\t\t\t\t\t<span  >\n\t\t\t\t\t\t\tDirecci\u00f3n\t\t\t\t\t\t<\/span>\n\t\t\t\t\t<\/h6>\n\t\t\t\t\n\t\t\t\t\t\t\t\t\t<p class=\"elementor-icon-box-description\">\n\t\t\t\t\t\tAve. De la Victoria casi Tte. Molas\nSan Lorenzo Paraguay.\n\t\t\t\t\t<\/p>\n\t\t\t\t\n\t\t\t<\/div>\n\t\t\t\n\t\t<\/div>\n\t\t\t\t\t\t<\/div>\n\t\t\t\t<\/div>\n\t\t\t\t<div class=\"elementor-element elementor-element-1d16f0a elementor-shape-circle e-grid-align-left e-grid-align-mobile-center elementor-grid-0 elementor-widget elementor-widget-social-icons\" data-id=\"1d16f0a\" data-element_type=\"widget\" data-widget_type=\"social-icons.default\">\n\t\t\t\t<div class=\"elementor-widget-container\">\n\t\t\t\t\t\t\t<div class=\"elementor-social-icons-wrapper elementor-grid\" role=\"list\">\n\t\t\t\t\t\t\t<span class=\"elementor-grid-item\" role=\"listitem\">\n\t\t\t\t\t<a class=\"elementor-icon elementor-social-icon elementor-social-icon-facebook elementor-repeater-item-bc2758c\" href=\"https:\/\/www.facebook.com\/AguaMineralJordan#\">\n\t\t\t\t\t\t<span class=\"elementor-screen-only\">Facebook<\/span>\n\t\t\t\t\t\t<i aria-hidden=\"true\" class=\"fab fa-facebook\"><\/i>\t\t\t\t\t<\/a>\n\t\t\t\t<\/span>\n\t\t\t\t\t\t\t<span class=\"elementor-grid-item\" role=\"listitem\">\n\t\t\t\t\t<a class=\"elementor-icon elementor-social-icon elementor-social-icon-instagram elementor-repeater-item-67346b3\" href=\"https:\/\/www.instagram.com\/aguamineraljordan\/\">\n\t\t\t\t\t\t<span class=\"elementor-screen-only\">Instagram<\/span>\n\t\t\t\t\t\t<i aria-hidden=\"true\" class=\"fab fa-instagram\"><\/i>\t\t\t\t\t<\/a>\n\t\t\t\t<\/span>\n\t\t\t\t\t\t\t<span class=\"elementor-grid-item\" role=\"listitem\">\n\t\t\t\t\t<a class=\"elementor-icon elementor-social-icon elementor-social-icon-tumblr elementor-repeater-item-1e1c559\" href=\"https:\/\/www.tiktok.com\/@aguamineraljordan?is_from_webapp=1&#038;sender_device=pc\">\n\t\t\t\t\t\t<span class=\"elementor-screen-only\">Tumblr<\/span>\n\t\t\t\t\t\t<i aria-hidden=\"true\" class=\"fab fa-tumblr\"><\/i>\t\t\t\t\t<\/a>\n\t\t\t\t<\/span>\n\t\t\t\t\t<\/div>\n\t\t\t\t\t\t<\/div>\n\t\t\t\t<\/div>\n\t\t\t\t<\/div>\n\t\t<div class=\"elementor-element elementor-element-303e334 e-con-full e-flex e-con e-child\" data-id=\"303e334\" data-element_type=\"container\">\n\t\t\t\t<div class=\"elementor-element elementor-element-4fb4811 elementor-widget elementor-widget-heading\" data-id=\"4fb4811\" data-element_type=\"widget\" data-widget_type=\"heading.default\">\n\t\t\t\t<div class=\"elementor-widget-container\">\n\t\t\t\t\t<h4 class=\"elementor-heading-title elementor-size-default\">Escribenos<\/h4>\t\t\t\t<\/div>\n\t\t\t\t<\/div>\n\t\t\t\t<div class=\"elementor-element elementor-element-e618af3 elementor-widget elementor-widget-shortcode\" data-id=\"e618af3\" data-element_type=\"widget\" data-widget_type=\"shortcode.default\">\n\t\t\t\t<div class=\"elementor-widget-container\">\n\t\t\t\t\t\t\t<div class=\"elementor-shortcode\"><div class=\"wpforms-container\" id=\"wpforms-25\"><form id=\"wpforms-form-25\" class=\"wpforms-validate wpforms-form wpforms-ajax-form\" data-formid=\"25\" method=\"post\" enctype=\"multipart\/form-data\" action=\"\/zh\/wp-json\/wp\/v2\/pages\/1321\" data-token=\"e2906fa0c1c16505a2f6ce757eeb7816\" data-token-time=\"1777636108\" data-trp-original-action=\"\/zh\/wp-json\/wp\/v2\/pages\/1321\"><noscript class=\"wpforms-error-noscript\">\u8bf7\u5728\u6d4f\u89c8\u5668\u4e2d\u542f\u7528JavaScript\u6765\u5b8c\u6210\u6b64\u8868\u5355\u3002<\/noscript><div class=\"wpforms-field-container\"><div id=\"wpforms-25-field_0-container\" class=\"wpforms-field wpforms-field-name\" data-field-id=\"0\"><label class=\"wpforms-field-label wpforms-label-hide\" for=\"wpforms-25-field_0\">Your Name <span class=\"wpforms-required-label\">*<\/span><\/label><input type=\"text\" id=\"wpforms-25-field_0\" class=\"wpforms-field-large wpforms-field-required\" name=\"wpforms[fields][0]\" placeholder=\"Your Name\" required><\/div><div id=\"wpforms-25-field_1-container\" class=\"wpforms-field wpforms-field-email\" data-field-id=\"1\"><label class=\"wpforms-field-label wpforms-label-hide\" for=\"wpforms-25-field_1\">Email Address <span class=\"wpforms-required-label\">*<\/span><\/label><input type=\"email\" id=\"wpforms-25-field_1\" class=\"wpforms-field-large wpforms-field-required\" name=\"wpforms[fields][1]\" placeholder=\"Your Email\" spellcheck=\"false\" required><\/div><div id=\"wpforms-25-field_2-container\" class=\"wpforms-field wpforms-field-textarea\" data-field-id=\"2\"><label class=\"wpforms-field-label wpforms-label-hide\" for=\"wpforms-25-field_2\">Your Message <span class=\"wpforms-required-label\">*<\/span><\/label><textarea id=\"wpforms-25-field_2\" class=\"wpforms-field-medium wpforms-field-required\" name=\"wpforms[fields][2]\" placeholder=\"Message\" required><\/textarea><\/div><\/div><!-- .wpforms-field-container --><div class=\"wpforms-submit-container\" ><input type=\"hidden\" name=\"wpforms[id]\" value=\"25\"><input type=\"hidden\" name=\"page_title\" value=\"\"><input type=\"hidden\" name=\"page_url\" value=\"https:\/\/www.aguamineraljordan.com\/zh\/wp-json\/wp\/v2\/pages\/1321\"><input type=\"hidden\" name=\"url_referer\" value=\"\"><button type=\"submit\" name=\"wpforms[submit]\" id=\"wpforms-submit-25\" class=\"wpforms-submit\" data-alt-text=\"Sending...\" data-submit-text=\"Send Message\" aria-live=\"assertive\" value=\"wpforms-submit\">Send Message<\/button><img decoding=\"async\" src=\"https:\/\/www.aguamineraljordan.com\/wp-content\/plugins\/wpforms-lite\/assets\/images\/submit-spin.svg\" class=\"wpforms-submit-spinner\" style=\"display: none;\" width=\"26\" height=\"26\" alt=\"\u52a0\u8f7d\" title=\"Contact\"><\/div><input type=\"hidden\" name=\"trp-form-language\" value=\"zh\"\/><\/form><\/div>  <!-- .wpforms-container --><\/div>\n\t\t\t\t\t\t<\/div>\n\t\t\t\t<\/div>\n\t\t\t\t<\/div>\n\t\t\t\t\t<\/div>\n\t\t\t\t<\/div>\n\t\t\t\t<\/div>\n\t\t\t\t\t<\/div>\n\t\t\t\t<\/div>\n\t\t<div class=\"elementor-element elementor-element-267b2e7 e-flex e-con-boxed e-con e-parent\" data-id=\"267b2e7\" data-element_type=\"container\" data-settings=\"{&quot;background_background&quot;:&quot;classic&quot;}\">\n\t\t\t\t\t<div class=\"e-con-inner\">\n\t\t<div class=\"elementor-element elementor-element-7dad71c e-flex e-con-boxed e-con e-child\" data-id=\"7dad71c\" data-element_type=\"container\">\n\t\t\t\t\t<div class=\"e-con-inner\">\n\t\t\t\t<div class=\"elementor-element elementor-element-1ce54c8 elementor-widget elementor-widget-heading\" data-id=\"1ce54c8\" data-element_type=\"widget\" data-widget_type=\"heading.default\">\n\t\t\t\t<div class=\"elementor-widget-container\">\n\t\t\t\t\t<h4 class=\"elementor-heading-title elementor-size-default\">Compromiso en la distribuci\u00f3n y pureza que llega a tu puerta.<\/h4>\t\t\t\t<\/div>\n\t\t\t\t<\/div>\n\t\t<div class=\"elementor-element elementor-element-1687b4e e-flex e-con-boxed e-con e-child\" data-id=\"1687b4e\" data-element_type=\"container\">\n\t\t\t\t\t<div class=\"e-con-inner\">\n\t\t<div class=\"elementor-element elementor-element-ad9c194 e-con-full e-flex e-con e-child\" data-id=\"ad9c194\" data-element_type=\"container\">\n\t\t\t\t<div class=\"elementor-element elementor-element-7a566f8 elementor-widget elementor-widget-image\" data-id=\"7a566f8\" data-element_type=\"widget\" data-widget_type=\"image.default\">\n\t\t\t\t<div class=\"elementor-widget-container\">\n\t\t\t\t\t\t\t\t\t\t\t\t\t\t\t<img fetchpriority=\"high\" decoding=\"async\" width=\"1501\" height=\"1501\" src=\"https:\/\/www.aguamineraljordan.com\/wp-content\/uploads\/2026\/01\/CONTACTANOS-03.jpg\" class=\"attachment-full size-full wp-image-2271\" alt=\"contactanos 03\" srcset=\"https:\/\/www.aguamineraljordan.com\/wp-content\/uploads\/2026\/01\/CONTACTANOS-03.jpg 1501w, https:\/\/www.aguamineraljordan.com\/wp-content\/uploads\/2026\/01\/CONTACTANOS-03-300x300.jpg 300w, https:\/\/www.aguamineraljordan.com\/wp-content\/uploads\/2026\/01\/CONTACTANOS-03-1024x1024.jpg 1024w, https:\/\/www.aguamineraljordan.com\/wp-content\/uploads\/2026\/01\/CONTACTANOS-03-150x150.jpg 150w, https:\/\/www.aguamineraljordan.com\/wp-content\/uploads\/2026\/01\/CONTACTANOS-03-768x768.jpg 768w, https:\/\/www.aguamineraljordan.com\/wp-content\/uploads\/2026\/01\/CONTACTANOS-03-12x12.jpg 12w\" sizes=\"(max-width: 1501px) 100vw, 1501px\" title=\"Contact\">\t\t\t\t\t\t\t\t\t\t\t\t\t\t\t<\/div>\n\t\t\t\t<\/div>\n\t\t\t\t<\/div>\n\t\t<div class=\"elementor-element elementor-element-a47d26e e-con-full e-flex e-con e-child\" data-id=\"a47d26e\" data-element_type=\"container\">\n\t\t\t\t<div class=\"elementor-element elementor-element-993e708 elementor-widget elementor-widget-image\" data-id=\"993e708\" data-element_type=\"widget\" data-widget_type=\"image.default\">\n\t\t\t\t<div class=\"elementor-widget-container\">\n\t\t\t\t\t\t\t\t\t\t\t\t\t\t\t<img decoding=\"async\" width=\"1501\" height=\"1501\" src=\"https:\/\/www.aguamineraljordan.com\/wp-content\/uploads\/2026\/01\/CONTACTANOS-02.jpg\" class=\"attachment-full size-full wp-image-2270\" alt=\"contactanos 02\" srcset=\"https:\/\/www.aguamineraljordan.com\/wp-content\/uploads\/2026\/01\/CONTACTANOS-02.jpg 1501w, https:\/\/www.aguamineraljordan.com\/wp-content\/uploads\/2026\/01\/CONTACTANOS-02-300x300.jpg 300w, https:\/\/www.aguamineraljordan.com\/wp-content\/uploads\/2026\/01\/CONTACTANOS-02-1024x1024.jpg 1024w, https:\/\/www.aguamineraljordan.com\/wp-content\/uploads\/2026\/01\/CONTACTANOS-02-150x150.jpg 150w, https:\/\/www.aguamineraljordan.com\/wp-content\/uploads\/2026\/01\/CONTACTANOS-02-768x768.jpg 768w, https:\/\/www.aguamineraljordan.com\/wp-content\/uploads\/2026\/01\/CONTACTANOS-02-12x12.jpg 12w\" sizes=\"(max-width: 1501px) 100vw, 1501px\" title=\"Contact\">\t\t\t\t\t\t\t\t\t\t\t\t\t\t\t<\/div>\n\t\t\t\t<\/div>\n\t\t\t\t<\/div>\n\t\t<div class=\"elementor-element elementor-element-1470505 e-con-full e-flex e-con e-child\" data-id=\"1470505\" data-element_type=\"container\">\n\t\t\t\t<div class=\"elementor-element elementor-element-4ee27d8 elementor-widget elementor-widget-image\" data-id=\"4ee27d8\" data-element_type=\"widget\" data-widget_type=\"image.default\">\n\t\t\t\t<div class=\"elementor-widget-container\">\n\t\t\t\t\t\t\t\t\t\t\t\t\t\t\t<img loading=\"lazy\" decoding=\"async\" width=\"1501\" height=\"1501\" src=\"https:\/\/www.aguamineraljordan.com\/wp-content\/uploads\/2026\/01\/CONTACTANOS-01.jpg\" class=\"attachment-full size-full wp-image-2269\" alt=\"contactanos 01\" srcset=\"https:\/\/www.aguamineraljordan.com\/wp-content\/uploads\/2026\/01\/CONTACTANOS-01.jpg 1501w, https:\/\/www.aguamineraljordan.com\/wp-content\/uploads\/2026\/01\/CONTACTANOS-01-300x300.jpg 300w, https:\/\/www.aguamineraljordan.com\/wp-content\/uploads\/2026\/01\/CONTACTANOS-01-1024x1024.jpg 1024w, https:\/\/www.aguamineraljordan.com\/wp-content\/uploads\/2026\/01\/CONTACTANOS-01-150x150.jpg 150w, https:\/\/www.aguamineraljordan.com\/wp-content\/uploads\/2026\/01\/CONTACTANOS-01-768x768.jpg 768w, https:\/\/www.aguamineraljordan.com\/wp-content\/uploads\/2026\/01\/CONTACTANOS-01-12x12.jpg 12w\" sizes=\"(max-width: 1501px) 100vw, 1501px\" title=\"Contact\">\t\t\t\t\t\t\t\t\t\t\t\t\t\t\t<\/div>\n\t\t\t\t<\/div>\n\t\t\t\t<\/div>\n\t\t<div class=\"elementor-element elementor-element-97066f9 e-con-full e-flex e-con e-child\" data-id=\"97066f9\" data-element_type=\"container\">\n\t\t\t\t<div class=\"elementor-element elementor-element-4299f53 elementor-widget elementor-widget-image\" data-id=\"4299f53\" data-element_type=\"widget\" data-widget_type=\"image.default\">\n\t\t\t\t<div class=\"elementor-widget-container\">\n\t\t\t\t\t\t\t\t\t\t\t\t\t\t\t<img loading=\"lazy\" decoding=\"async\" width=\"1200\" height=\"1033\" src=\"https:\/\/www.aguamineraljordan.com\/wp-content\/uploads\/2026\/01\/CAMION-TEL-copy.jpg\" class=\"attachment-full size-full wp-image-2314\" alt=\"camion tel copy\" srcset=\"https:\/\/www.aguamineraljordan.com\/wp-content\/uploads\/2026\/01\/CAMION-TEL-copy.jpg 1200w, https:\/\/www.aguamineraljordan.com\/wp-content\/uploads\/2026\/01\/CAMION-TEL-copy-300x258.jpg 300w, https:\/\/www.aguamineraljordan.com\/wp-content\/uploads\/2026\/01\/CAMION-TEL-copy-1024x881.jpg 1024w, https:\/\/www.aguamineraljordan.com\/wp-content\/uploads\/2026\/01\/CAMION-TEL-copy-768x661.jpg 768w, https:\/\/www.aguamineraljordan.com\/wp-content\/uploads\/2026\/01\/CAMION-TEL-copy-14x12.jpg 14w\" sizes=\"(max-width: 1200px) 100vw, 1200px\" title=\"Contact\">\t\t\t\t\t\t\t\t\t\t\t\t\t\t\t<\/div>\n\t\t\t\t<\/div>\n\t\t\t\t<\/div>\n\t\t\t\t\t<\/div>\n\t\t\t\t<\/div>\n\t\t\t\t\t<\/div>\n\t\t\t\t<\/div>\n\t\t\t\t\t<\/div>\n\t\t\t\t<\/div>\n\t\t\t\t<\/div>","protected":false},"excerpt":{"rendered":"<p>Cont\u00e1ctanos Nos puedes encontrar en Correo info@aguamineraljordan.com N\u00famero de tel\u00e9fono +595 21 575 349 Direcci\u00f3n Ave. De la Victoria casi Tte. Molas San Lorenzo Paraguay. Facebook Instagram Tumblr Escribenos Compromiso en la distribuci\u00f3n y pureza que llega a tu puerta.<\/p>","protected":false},"author":1,"featured_media":0,"parent":0,"menu_order":0,"comment_status":"closed","ping_status":"closed","template":"","meta":{"content-type":"","_uag_custom_page_level_css":"","site-sidebar-layout":"no-sidebar","site-content-layout":"page-builder","ast-site-content-layout":"default","site-content-style":"default","site-sidebar-style":"default","ast-global-header-display":"","ast-banner-title-visibility":"","ast-main-header-display":"","ast-hfb-above-header-display":"","ast-hfb-below-header-display":"","ast-hfb-mobile-header-display":"","site-post-title":"disabled","ast-breadcrumbs-content":"","ast-featured-img":"disabled","footer-sml-layout":"","ast-disable-related-posts":"","theme-transparent-header-meta":"enabled","adv-header-id-meta":"","stick-header-meta":"","header-above-stick-meta":"","header-main-stick-meta":"","header-below-stick-meta":"","astra-migrate-meta-layouts":"default","ast-page-background-enabled":"default","ast-page-background-meta":{"desktop":{"background-color":"var(--ast-global-color-4)","background-image":"","background-repeat":"repeat","background-position":"center center","background-size":"auto","background-attachment":"scroll","background-type":"","background-media":"","overlay-type":"","overlay-color":"","overlay-opacity":"","overlay-gradient":""},"tablet":{"background-color":"","background-image":"","background-repeat":"repeat","background-position":"center center","background-size":"auto","background-attachment":"scroll","background-type":"","background-media":"","overlay-type":"","overlay-color":"","overlay-opacity":"","overlay-gradient":""},"mobile":{"background-color":"","background-image":"","background-repeat":"repeat","background-position":"center center","background-size":"auto","background-attachment":"scroll","background-type":"","background-media":"","overlay-type":"","overlay-color":"","overlay-opacity":"","overlay-gradient":""}},"ast-content-background-meta":{"desktop":{"background-color":"var(--ast-global-color-5)","background-image":"","background-repeat":"repeat","background-position":"center center","background-size":"auto","background-attachment":"scroll","background-type":"","background-media":"","overlay-type":"","overlay-color":"","overlay-opacity":"","overlay-gradient":""},"tablet":{"background-color":"var(--ast-global-color-5)","background-image":"","background-repeat":"repeat","background-position":"center center","background-size":"auto","background-attachment":"scroll","background-type":"","background-media":"","overlay-type":"","overlay-color":"","overlay-opacity":"","overlay-gradient":""},"mobile":{"background-color":"var(--ast-global-color-5)","background-image":"","background-repeat":"repeat","background-position":"center center","background-size":"auto","background-attachment":"scroll","background-type":"","background-media":"","overlay-type":"","overlay-color":"","overlay-opacity":"","overlay-gradient":""}},"_joinchat":[],"footnotes":""},"class_list":["post-1321","page","type-page","status-publish","hentry"],"aioseo_notices":[],"uagb_featured_image_src":{"full":false,"thumbnail":false,"medium":false,"medium_large":false,"large":false,"1536x1536":false,"2048x2048":false,"trp-custom-language-flag":false},"uagb_author_info":{"display_name":"aguamineraljordan_7w7y3c","author_link":"https:\/\/www.aguamineraljordan.com\/zh\/author\/aguamineraljordan_7w7y3c\/"},"uagb_comment_info":0,"uagb_excerpt":"Cont\u00e1ctanos Nos puedes encontrar en Correo info@aguamineraljordan.com N\u00famero de tel\u00e9fono +595 21 575 349 Direcci\u00f3n Ave. De la Victoria casi Tte. Molas San Lorenzo Paraguay. Facebook Instagram Tumblr Escribenos Compromiso en la distribuci\u00f3n y pureza que llega a tu puerta.","_links":{"self":[{"href":"https:\/\/www.aguamineraljordan.com\/zh\/wp-json\/wp\/v2\/pages\/1321","targetHints":{"allow":["GET"]}}],"collection":[{"href":"https:\/\/www.aguamineraljordan.com\/zh\/wp-json\/wp\/v2\/pages"}],"about":[{"href":"https:\/\/www.aguamineraljordan.com\/zh\/wp-json\/wp\/v2\/types\/page"}],"author":[{"embeddable":true,"href":"https:\/\/www.aguamineraljordan.com\/zh\/wp-json\/wp\/v2\/users\/1"}],"replies":[{"embeddable":true,"href":"https:\/\/www.aguamineraljordan.com\/zh\/wp-json\/wp\/v2\/comments?post=1321"}],"version-history":[{"count":10,"href":"https:\/\/www.aguamineraljordan.com\/zh\/wp-json\/wp\/v2\/pages\/1321\/revisions"}],"predecessor-version":[{"id":2347,"href":"https:\/\/www.aguamineraljordan.com\/zh\/wp-json\/wp\/v2\/pages\/1321\/revisions\/2347"}],"wp:attachment":[{"href":"https:\/\/www.aguamineraljordan.com\/zh\/wp-json\/wp\/v2\/media?parent=1321"}],"curies":[{"name":"wp","href":"https:\/\/api.w.org\/{rel}","templated":true}]}}