{"id":1319,"date":"2026-01-16T15:36:14","date_gmt":"2026-01-16T15:36:14","guid":{"rendered":"https:\/\/www.aguamineraljordan.com\/about\/"},"modified":"2026-01-23T16:39:43","modified_gmt":"2026-01-23T16:39:43","slug":"about","status":"publish","type":"page","link":"https:\/\/www.aguamineraljordan.com\/zh\/about\/","title":{"rendered":"About"},"content":{"rendered":"<div data-elementor-type=\"wp-page\" data-elementor-id=\"1319\" class=\"elementor elementor-1319\">\n\t\t\t\t<div class=\"elementor-element elementor-element-dcfb448 e-flex e-con-boxed e-con e-parent\" data-id=\"dcfb448\" data-element_type=\"container\" data-settings=\"{&quot;background_background&quot;:&quot;classic&quot;}\">\n\t\t\t\t\t<div class=\"e-con-inner\">\n\t\t<div class=\"elementor-element elementor-element-d21b7e0 e-flex e-con-boxed e-con e-child\" data-id=\"d21b7e0\" data-element_type=\"container\">\n\t\t\t\t\t<div class=\"e-con-inner\">\n\t\t\t\t<div class=\"elementor-element elementor-element-e9fd9dc elementor-widget elementor-widget-heading\" data-id=\"e9fd9dc\" data-element_type=\"widget\" data-widget_type=\"heading.default\">\n\t\t\t\t<div class=\"elementor-widget-container\">\n\t\t\t\t\t<h1 class=\"elementor-heading-title elementor-size-default\">Quienes Somos<\/h1>\t\t\t\t<\/div>\n\t\t\t\t<\/div>\n\t\t\t\t\t<\/div>\n\t\t\t\t<\/div>\n\t\t\t\t\t<\/div>\n\t\t\t\t<\/div>\n\t\t<div class=\"elementor-element elementor-element-500861b e-flex e-con-boxed e-con e-parent\" data-id=\"500861b\" data-element_type=\"container\">\n\t\t\t\t\t<div class=\"e-con-inner\">\n\t\t<div class=\"elementor-element elementor-element-7dbc6fb e-con-full e-flex e-con e-child\" data-id=\"7dbc6fb\" data-element_type=\"container\">\n\t\t\t\t<div class=\"elementor-element elementor-element-6658dc9 elementor-widget elementor-widget-heading\" data-id=\"6658dc9\" data-element_type=\"widget\" data-widget_type=\"heading.default\">\n\t\t\t\t<div class=\"elementor-widget-container\">\n\t\t\t\t\t<h4 class=\"elementor-heading-title elementor-size-default\">Un Sue\u00f1o que Naci\u00f3 del Terer\u00e9\nTodo comenz\u00f3 en una c\u00e1lida tarde, compartiendo terer\u00e9 bajo el mismo \u00e1rbol que hab\u00eda sido testigo de sue\u00f1os por a\u00f1os. En ese mismo lugar, tras un viaje revelador a Costa Rica donde la naturaleza impon\u00eda su pureza, la visi\u00f3n tom\u00f3 forma: crear un agua que capturara la esencia de vida y frescura de Paraguay.\n\nBuscar el nombre perfecto fue un camino de descubrimiento. Entre opciones como \"Aguas del Sur\" y \"Pura Vida\", ninguna resonaba completamente. Fue entonces cuando don Apolinar Caballero, con sabidur\u00eda familiar de su hermana, sugiri\u00f3 mirar hacia el s\u00edmbolo universal de pureza: \"Busquen la bendici\u00f3n del nombre junto al significado del R\u00edo Jord\u00e1n, hist\u00f3ricamente vinculado a renovaci\u00f3n y vida\". Esa inspiraci\u00f3n fue el destello final: Jord\u00e1n hab\u00eda encontrado su nombre y su misi\u00f3n.\n\nFundada en febrero de 2011 en San Lorenzo, Departamento Central de Paraguay, Jord\u00e1n naci\u00f3 dedicada al envasado de agua mineral natural sin gas. Hoy, nuestra planta industrial es testimonio de ese sue\u00f1o compartido bajo la sombra de un \u00e1rbol, con capacidad para envasar aproximadamente ochenta millones de litros anuales, llevando pureza y frescura inspirada en nuestras ra\u00edces a cada hogar.\n\n<\/h4>\t\t\t\t<\/div>\n\t\t\t\t<\/div>\n\t\t\t\t<div class=\"elementor-element elementor-element-e9a8c1e elementor-widget elementor-widget-image\" data-id=\"e9a8c1e\" data-element_type=\"widget\" data-widget_type=\"image.default\">\n\t\t\t\t<div class=\"elementor-widget-container\">\n\t\t\t\t\t\t\t\t\t\t\t\t\t\t\t<img fetchpriority=\"high\" decoding=\"async\" width=\"1200\" height=\"1033\" src=\"https:\/\/www.aguamineraljordan.com\/wp-content\/uploads\/2026\/01\/CAMION-TEL-copy.jpg\" class=\"attachment-full size-full wp-image-2314\" alt=\"camion tel copy\" srcset=\"https:\/\/www.aguamineraljordan.com\/wp-content\/uploads\/2026\/01\/CAMION-TEL-copy.jpg 1200w, https:\/\/www.aguamineraljordan.com\/wp-content\/uploads\/2026\/01\/CAMION-TEL-copy-300x258.jpg 300w, https:\/\/www.aguamineraljordan.com\/wp-content\/uploads\/2026\/01\/CAMION-TEL-copy-1024x881.jpg 1024w, https:\/\/www.aguamineraljordan.com\/wp-content\/uploads\/2026\/01\/CAMION-TEL-copy-768x661.jpg 768w, https:\/\/www.aguamineraljordan.com\/wp-content\/uploads\/2026\/01\/CAMION-TEL-copy-14x12.jpg 14w\" sizes=\"(max-width: 1200px) 100vw, 1200px\" title=\"About\">\t\t\t\t\t\t\t\t\t\t\t\t\t\t\t<\/div>\n\t\t\t\t<\/div>\n\t\t<div class=\"elementor-element elementor-element-51b695b e-flex e-con-boxed e-con e-child\" data-id=\"51b695b\" data-element_type=\"container\">\n\t\t\t\t\t<div class=\"e-con-inner\">\n\t\t<div class=\"elementor-element elementor-element-bda37a0 e-flex e-con-boxed e-con e-child\" data-id=\"bda37a0\" data-element_type=\"container\">\n\t\t\t\t\t<div class=\"e-con-inner\">\n\t\t\t\t<div class=\"elementor-element elementor-element-1078e9d elementor-widget elementor-widget-hfe-infocard\" data-id=\"1078e9d\" data-element_type=\"widget\" data-widget_type=\"hfe-infocard.default\">\n\t\t\t\t<div class=\"elementor-widget-container\">\n\t\t\t\t\t\n\t\t<div class=\"hfe-infocard\">\n\t\t\t\t\t\t\t\t\t<div class=\"hfe-infocard-title-wrap\">\n\t\t\t\t<h3 class=\"hfe-infocard-title elementor-inline-editing\" data-elementor-setting-key=\"infocard_title\" data-elementor-inline-editing-toolbar=\"basic\" >MISI\u00d3N<\/h3>\t\t\t<\/div>\n\t\t\t\t\t\t<div class=\"hfe-infocard-text-wrap\">\n\t\t\t\t<div class=\"hfe-infocard-text elementor-inline-editing\" data-elementor-setting-key=\"infocard_description\" data-elementor-inline-editing-toolbar=\"advanced\">\n\t\t\t\t\tProducir y distribuir agua mineral natural de la mas profundo de nuestra tierra, aprovechados mediante tecnolog\u00eda automatizada de vanguardia. Nos comprometemos a ofrecer un producto que promueva el bienestar, la hidrataci\u00f3n saludable y la confianza absoluta, manteniendo siempre los valores de honestidad, tradici\u00f3n familiar e innovaci\u00f3n que nos vieron nacer.\t\t\t\t<\/div>\n\t\t\t\t\t\t\t<\/div>\n\t\t<\/div>\n\n\t\t\t\t\t\t<\/div>\n\t\t\t\t<\/div>\n\t\t\t\t\t<\/div>\n\t\t\t\t<\/div>\n\t\t<div class=\"elementor-element elementor-element-8c3d36e e-flex e-con-boxed e-con e-child\" data-id=\"8c3d36e\" data-element_type=\"container\">\n\t\t\t\t\t<div class=\"e-con-inner\">\n\t\t\t\t<div class=\"elementor-element elementor-element-dc17847 elementor-widget elementor-widget-hfe-infocard\" data-id=\"dc17847\" data-element_type=\"widget\" data-widget_type=\"hfe-infocard.default\">\n\t\t\t\t<div class=\"elementor-widget-container\">\n\t\t\t\t\t\n\t\t<div class=\"hfe-infocard\">\n\t\t\t\t\t\t\t\t\t<div class=\"hfe-infocard-title-wrap\">\n\t\t\t\t<h3 class=\"hfe-infocard-title elementor-inline-editing\" data-elementor-setting-key=\"infocard_title\" data-elementor-inline-editing-toolbar=\"basic\" >VISI\u00d3N<\/h3>\t\t\t<\/div>\n\t\t\t\t\t\t<div class=\"hfe-infocard-text-wrap\">\n\t\t\t\t<div class=\"hfe-infocard-text elementor-inline-editing\" data-elementor-setting-key=\"infocard_description\" data-elementor-inline-editing-toolbar=\"advanced\">\n\t\t\t\t\tSer reconocidos como la marca l\u00edder de agua mineral en Paraguay y referente regional en calidad y sostenibilidad, destacando por nuestro proceso tecnol\u00f3gico innovador, nuestro compromiso con el medio ambiente y nuestra capacidad de crecer manteniendo la esencia familiar y la pureza de origen que definen nuestra historia.\t\t\t\t<\/div>\n\t\t\t\t\t\t\t<\/div>\n\t\t<\/div>\n\n\t\t\t\t\t\t<\/div>\n\t\t\t\t<\/div>\n\t\t\t\t\t<\/div>\n\t\t\t\t<\/div>\n\t\t\t\t\t<\/div>\n\t\t\t\t<\/div>\n\t\t\t\t<\/div>\n\t\t\t\t\t<\/div>\n\t\t\t\t<\/div>\n\t\t<div class=\"elementor-element elementor-element-ba46aa4 e-flex e-con-boxed e-con e-parent\" data-id=\"ba46aa4\" data-element_type=\"container\" data-settings=\"{&quot;background_background&quot;:&quot;classic&quot;}\">\n\t\t\t\t\t<div class=\"e-con-inner\">\n\t\t<div class=\"elementor-element elementor-element-920e714 e-con-full e-flex e-con e-child\" data-id=\"920e714\" data-element_type=\"container\">\n\t\t\t\t<\/div>\n\t\t<div class=\"elementor-element elementor-element-94092f7 e-con-full e-flex e-con e-child\" data-id=\"94092f7\" data-element_type=\"container\">\n\t\t\t\t<div class=\"elementor-element elementor-element-aad1e15 elementor-widget elementor-widget-image\" data-id=\"aad1e15\" data-element_type=\"widget\" data-widget_type=\"image.default\">\n\t\t\t\t<div class=\"elementor-widget-container\">\n\t\t\t\t\t\t\t\t\t\t\t\t\t\t\t<img decoding=\"async\" src=\"https:\/\/www.aguamineraljordan.com\/wp-content\/uploads\/2021\/11\/quotes.svg\" class=\"attachment-full size-full wp-image-117\" alt=\"quotes\" title=\"About\">\t\t\t\t\t\t\t\t\t\t\t\t\t\t\t<\/div>\n\t\t\t\t<\/div>\n\t\t\t\t<div class=\"elementor-element elementor-element-7f86a88 elementor-widget elementor-widget-heading\" data-id=\"7f86a88\" data-element_type=\"widget\" data-widget_type=\"heading.default\">\n\t\t\t\t<div class=\"elementor-widget-container\">\n\t\t\t\t\t<h4 class=\"elementor-heading-title elementor-size-default\">\u201cLas ra\u00edces firmes dan frutos duraderos. Este proyecto, como el buen terer\u00e9, se comparti\u00f3 en ronda, se madur\u00f3 con paciencia y se sirvi\u00f3 cuando estuvo en su punto justo. Lo que naci\u00f3 en San Lorenzo hoy refresca a todo un pa\u00eds.\u201d<\/h4>\t\t\t\t<\/div>\n\t\t\t\t<\/div>\n\t\t\t\t<div class=\"elementor-element elementor-element-d503280 elementor-widget elementor-widget-image\" data-id=\"d503280\" data-element_type=\"widget\" data-widget_type=\"image.default\">\n\t\t\t\t<div class=\"elementor-widget-container\">\n\t\t\t\t\t\t\t\t\t\t\t\t\t\t\t<img decoding=\"async\" width=\"3363\" height=\"3476\" src=\"https:\/\/www.aguamineraljordan.com\/wp-content\/uploads\/2026\/01\/Untitled-1-01.png\" class=\"attachment-full size-full wp-image-2142\" alt=\"untitled 1 01\" srcset=\"https:\/\/www.aguamineraljordan.com\/wp-content\/uploads\/2026\/01\/Untitled-1-01.png 3363w, https:\/\/www.aguamineraljordan.com\/wp-content\/uploads\/2026\/01\/Untitled-1-01-290x300.png 290w, https:\/\/www.aguamineraljordan.com\/wp-content\/uploads\/2026\/01\/Untitled-1-01-991x1024.png 991w, https:\/\/www.aguamineraljordan.com\/wp-content\/uploads\/2026\/01\/Untitled-1-01-768x794.png 768w, https:\/\/www.aguamineraljordan.com\/wp-content\/uploads\/2026\/01\/Untitled-1-01-1486x1536.png 1486w, https:\/\/www.aguamineraljordan.com\/wp-content\/uploads\/2026\/01\/Untitled-1-01-1981x2048.png 1981w, https:\/\/www.aguamineraljordan.com\/wp-content\/uploads\/2026\/01\/Untitled-1-01-12x12.png 12w\" sizes=\"(max-width: 3363px) 100vw, 3363px\" title=\"About\">\t\t\t\t\t\t\t\t\t\t\t\t\t\t\t<\/div>\n\t\t\t\t<\/div>\n\t\t\t\t<div class=\"elementor-element elementor-element-22c93f1 elementor-widget elementor-widget-text-editor\" data-id=\"22c93f1\" data-element_type=\"widget\" data-widget_type=\"text-editor.default\">\n\t\t\t\t<div class=\"elementor-widget-container\">\n\t\t\t\t\t\t\t\t\t<p>Apolinar Caballero<\/p>\t\t\t\t\t\t\t\t<\/div>\n\t\t\t\t<\/div>\n\t\t\t\t<\/div>\n\t\t<div class=\"elementor-element elementor-element-0bd015f e-con-full e-flex e-con e-child\" data-id=\"0bd015f\" data-element_type=\"container\">\n\t\t\t\t<\/div>\n\t\t\t\t\t<\/div>\n\t\t\t\t<\/div>\n\t\t\t\t<\/div>","protected":false},"excerpt":{"rendered":"<p>Quienes Somos Un Sue\u00f1o que Naci\u00f3 del Terer\u00e9 Todo comenz\u00f3 en una c\u00e1lida tarde, compartiendo terer\u00e9 bajo el mismo \u00e1rbol que hab\u00eda sido testigo de sue\u00f1os por a\u00f1os. En ese mismo lugar, tras un viaje revelador a Costa Rica donde la naturaleza impon\u00eda su pureza, la visi\u00f3n tom\u00f3 forma: crear un agua que capturara la [&hellip;]<\/p>","protected":false},"author":1,"featured_media":0,"parent":0,"menu_order":0,"comment_status":"closed","ping_status":"closed","template":"","meta":{"content-type":"","_uag_custom_page_level_css":"","site-sidebar-layout":"no-sidebar","site-content-layout":"page-builder","ast-site-content-layout":"default","site-content-style":"default","site-sidebar-style":"default","ast-global-header-display":"","ast-banner-title-visibility":"","ast-main-header-display":"","ast-hfb-above-header-display":"","ast-hfb-below-header-display":"","ast-hfb-mobile-header-display":"","site-post-title":"disabled","ast-breadcrumbs-content":"","ast-featured-img":"disabled","footer-sml-layout":"","ast-disable-related-posts":"","theme-transparent-header-meta":"enabled","adv-header-id-meta":"","stick-header-meta":"","header-above-stick-meta":"","header-main-stick-meta":"","header-below-stick-meta":"","astra-migrate-meta-layouts":"default","ast-page-background-enabled":"default","ast-page-background-meta":{"desktop":{"background-color":"var(--ast-global-color-4)","background-image":"","background-repeat":"repeat","background-position":"center center","background-size":"auto","background-attachment":"scroll","background-type":"","background-media":"","overlay-type":"","overlay-color":"","overlay-opacity":"","overlay-gradient":""},"tablet":{"background-color":"","background-image":"","background-repeat":"repeat","background-position":"center center","background-size":"auto","background-attachment":"scroll","background-type":"","background-media":"","overlay-type":"","overlay-color":"","overlay-opacity":"","overlay-gradient":""},"mobile":{"background-color":"","background-image":"","background-repeat":"repeat","background-position":"center center","background-size":"auto","background-attachment":"scroll","background-type":"","background-media":"","overlay-type":"","overlay-color":"","overlay-opacity":"","overlay-gradient":""}},"ast-content-background-meta":{"desktop":{"background-color":"var(--ast-global-color-5)","background-image":"","background-repeat":"repeat","background-position":"center center","background-size":"auto","background-attachment":"scroll","background-type":"","background-media":"","overlay-type":"","overlay-color":"","overlay-opacity":"","overlay-gradient":""},"tablet":{"background-color":"var(--ast-global-color-5)","background-image":"","background-repeat":"repeat","background-position":"center center","background-size":"auto","background-attachment":"scroll","background-type":"","background-media":"","overlay-type":"","overlay-color":"","overlay-opacity":"","overlay-gradient":""},"mobile":{"background-color":"var(--ast-global-color-5)","background-image":"","background-repeat":"repeat","background-position":"center center","background-size":"auto","background-attachment":"scroll","background-type":"","background-media":"","overlay-type":"","overlay-color":"","overlay-opacity":"","overlay-gradient":""}},"_joinchat":[],"footnotes":""},"class_list":["post-1319","page","type-page","status-publish","hentry"],"aioseo_notices":[],"uagb_featured_image_src":{"full":false,"thumbnail":false,"medium":false,"medium_large":false,"large":false,"1536x1536":false,"2048x2048":false,"trp-custom-language-flag":false},"uagb_author_info":{"display_name":"aguamineraljordan_7w7y3c","author_link":"https:\/\/www.aguamineraljordan.com\/zh\/author\/aguamineraljordan_7w7y3c\/"},"uagb_comment_info":0,"uagb_excerpt":"Quienes Somos Un Sue\u00f1o que Naci\u00f3 del Terer\u00e9 Todo comenz\u00f3 en una c\u00e1lida tarde, compartiendo terer\u00e9 bajo el mismo \u00e1rbol que hab\u00eda sido testigo de sue\u00f1os por a\u00f1os. En ese mismo lugar, tras un viaje revelador a Costa Rica donde la naturaleza impon\u00eda su pureza, la visi\u00f3n tom\u00f3 forma: crear un agua que capturara la&hellip;","_links":{"self":[{"href":"https:\/\/www.aguamineraljordan.com\/zh\/wp-json\/wp\/v2\/pages\/1319","targetHints":{"allow":["GET"]}}],"collection":[{"href":"https:\/\/www.aguamineraljordan.com\/zh\/wp-json\/wp\/v2\/pages"}],"about":[{"href":"https:\/\/www.aguamineraljordan.com\/zh\/wp-json\/wp\/v2\/types\/page"}],"author":[{"embeddable":true,"href":"https:\/\/www.aguamineraljordan.com\/zh\/wp-json\/wp\/v2\/users\/1"}],"replies":[{"embeddable":true,"href":"https:\/\/www.aguamineraljordan.com\/zh\/wp-json\/wp\/v2\/comments?post=1319"}],"version-history":[{"count":10,"href":"https:\/\/www.aguamineraljordan.com\/zh\/wp-json\/wp\/v2\/pages\/1319\/revisions"}],"predecessor-version":[{"id":2371,"href":"https:\/\/www.aguamineraljordan.com\/zh\/wp-json\/wp\/v2\/pages\/1319\/revisions\/2371"}],"wp:attachment":[{"href":"https:\/\/www.aguamineraljordan.com\/zh\/wp-json\/wp\/v2\/media?parent=1319"}],"curies":[{"name":"wp","href":"https:\/\/api.w.org\/{rel}","templated":true}]}}